{"id":56,"date":"2018-10-02T13:43:24","date_gmt":"2018-10-02T13:43:24","guid":{"rendered":"https:\/\/riqueval.cl\/?page_id=56"},"modified":"2021-03-02T00:48:00","modified_gmt":"2021-03-02T00:48:00","slug":"nosotros","status":"publish","type":"page","link":"https:\/\/riqueval.cl\/riqueval\/nosotros\/","title":{"rendered":"Nosotros"},"content":{"rendered":"<p style=\"text-align: left;\"><img loading=\"lazy\" decoding=\"async\" class=\"size-medium wp-image-485 alignleft\" src=\"https:\/\/riqueval.cl\/riqueval\/wp-content\/uploads\/2020\/07\/CreciendoRiqueval-300x146.png\" alt=\"\" width=\"300\" height=\"146\" srcset=\"https:\/\/riqueval.cl\/riqueval\/wp-content\/uploads\/2020\/07\/CreciendoRiqueval-300x146.png 300w, https:\/\/riqueval.cl\/riqueval\/wp-content\/uploads\/2020\/07\/CreciendoRiqueval-768x375.png 768w, https:\/\/riqueval.cl\/riqueval\/wp-content\/uploads\/2020\/07\/CreciendoRiqueval.png 1024w\" sizes=\"(max-width: 300px) 100vw, 300px\" \/>Constructora Riqueval es una empresa familiar con mas de 28 a\u00f1os de trayectoria en el rubro de la construcci\u00f3n, fue fundada por Guillermo Riquelme Valdenegro el 25 de noviembre de 1992, qui\u00e9n se inici\u00f3 como constructor, durante estos a\u00f1os hemos construido una infinidad de casas, hemos ido ganando terreno, y abarcando las necesidades de la gente, cumpliendo los sue\u00f1os de muchas familias para obtener su casa propia, su hogar\u2026<\/p>\n<p style=\"text-align: left;\">Nuestra motivaci\u00f3n es llegar a las personas con casas de buena calidad en poco tiempo, que el proyecto que el cliente tiene en mente sea llevado a la realidad, es por eso que nuestra meta es cada d\u00eda seguir perfeccion\u00e1ndonos para cumplir cada nuevo proyecto y que el cliente quede feliz y conforme con su Casa Prefabricada.<\/p>\n<h2>\u00bfPor qu\u00e9 nos debes elegir?<\/h2>\n<p>Porque somos una empresa confiable, todos nuestros contratos son firmados ante notario, nos avalan a\u00f1os de trabajo, nos diferenciamos de la competencia en que trabajamos con una amplia gama de\u00a0materiales y estos son de excelente calidad, nuestras casas son \u00fanicas, ya que trabajamos en altura de\u00a0muros de 2,40 mts lo que no es habitual en una casa prefabricada y pendientes de techo notorias a\u00a0simple vista, lo cual aparte de mostrar una casa imponente, a su vez a\u00edsla fr\u00edo y calor por estar m\u00e1s\u00a0alejado de cielos de casa.<\/p>\n<p>Somos una empresa flexible, en la que t\u00fa puedes elegir materiales,distribuci\u00f3n interior de la casa y tama\u00f1os de puertas y ventanas. Adem\u00e1s contamos si usted lo desea\u00a0con un equipo de maestros que le podemos recomendar para el t\u00e9rmino de su casa, tales como instalador de ventanas, ceramista, pintor, electricista, instalador fosa s\u00e9ptica, etc.<\/p>\n<p><strong>ATENCI\u00d3N PERSONALIZADA:<\/strong><br \/>\nAtendemos reuniones con nuestros clientes de lunes a domingo con previa coordinaci\u00f3n de 1 o 2 d\u00edas<br \/>\nde anterioridad.<\/p>\n<p><strong>FECHAS DE ENTREGA:<\/strong><br \/>\nDesde que se firma el contrato son entre 30 a 40 d\u00edas, el tiempo real en terreno es aproximadamente<br \/>\n7-8 d\u00edas, el cual depender\u00e1 de los servicios que usted contrate.<\/p>\n<p><strong>FORMAS DE PAGO<\/strong><br \/>\nSERVICIO KIT CASA PREFABRICADA:<br \/>\n20% al firmar contrato para comenzar a construir.<br \/>\n80 % al estar lista para cargar cami\u00f3n para entrega.<\/p>\n<p><strong>OTROS SERVICIOS Y ADICIONALES:<\/strong><br \/>\n50% al inicio de obra en la propiedad.<br \/>\n50% contra entrega.<\/p>\n<p>Si necesitas m\u00e1s informaci\u00f3n por favor accede a nuestro<a href=\"https:\/\/riqueval.cl\/riqueval\/cotizador\/\"> cotizador<\/a> para poder darte los detalles y valores de la casas que necesitas.<\/p>\n","protected":false},"excerpt":{"rendered":"<p>Constructora Riqueval es una empresa familiar con mas de 28 a\u00f1os de trayectoria en el rubro de la construcci\u00f3n, fue fundada por Guillermo Riquelme Valdenegro el 25 de noviembre de 1992, qui\u00e9n se inici\u00f3 como constructor, durante estos a\u00f1os hemos construido una infinidad de casas, hemos ido ganando terreno, y abarcando las necesidades de la <a class=\"read-more\" href=\"https:\/\/riqueval.cl\/riqueval\/nosotros\/\">Leer M\u00e1s<\/a><\/p>\n","protected":false},"author":1,"featured_media":0,"parent":0,"menu_order":0,"comment_status":"closed","ping_status":"closed","template":"","meta":{"footnotes":""},"class_list":["post-56","page","type-page","status-publish","hentry"],"_links":{"self":[{"href":"https:\/\/riqueval.cl\/riqueval\/wp-json\/wp\/v2\/pages\/56"}],"collection":[{"href":"https:\/\/riqueval.cl\/riqueval\/wp-json\/wp\/v2\/pages"}],"about":[{"href":"https:\/\/riqueval.cl\/riqueval\/wp-json\/wp\/v2\/types\/page"}],"author":[{"embeddable":true,"href":"https:\/\/riqueval.cl\/riqueval\/wp-json\/wp\/v2\/users\/1"}],"replies":[{"embeddable":true,"href":"https:\/\/riqueval.cl\/riqueval\/wp-json\/wp\/v2\/comments?post=56"}],"version-history":[{"count":18,"href":"https:\/\/riqueval.cl\/riqueval\/wp-json\/wp\/v2\/pages\/56\/revisions"}],"predecessor-version":[{"id":503,"href":"https:\/\/riqueval.cl\/riqueval\/wp-json\/wp\/v2\/pages\/56\/revisions\/503"}],"wp:attachment":[{"href":"https:\/\/riqueval.cl\/riqueval\/wp-json\/wp\/v2\/media?parent=56"}],"curies":[{"name":"wp","href":"https:\/\/api.w.org\/{rel}","templated":true}]}}